{"id":62,"date":"2023-12-13T10:06:15","date_gmt":"2023-12-13T08:06:15","guid":{"rendered":"http:\/\/www.creonord.fi\/2023-versio\/?page_id=62"},"modified":"2025-10-12T09:51:59","modified_gmt":"2025-10-12T06:51:59","slug":"yritys","status":"publish","type":"page","link":"https:\/\/www.creonord.fi\/fi\/","title":{"rendered":"Yritys"},"content":{"rendered":"\n\n<div class=\"wp-block-kadence-column kadence-column62_dfde2d-c9 inner-column-2\"><div class=\"kt-inside-inner-col\">\n<h5 class=\"kt-adv-heading62_65ab3f-36 wp-block-kadence-advancedheading\" data-kb-block=\"kb-adv-heading62_65ab3f-36\"><\/h5>\n\n\n\n<h2 class=\"kt-adv-heading62_56c589-70 wp-block-kadence-advancedheading\" data-kb-block=\"kb-adv-heading62_56c589-70\">Creo Nord Oy<\/h2>\n\n\n\n<ul class=\"wp-block-list\">\n<li>Creo Nord Oy henkil\u00f6st\u00f6ll\u00e4 on vuosikymmenten kokemus kansainv\u00e4lisest\u00e4 kaupasta.<\/li>\n\n\n\n<li>Viime vuosina yhti\u00f6 on my\u00f6s sitoutunut v\u00e4hent\u00e4m\u00e4\u00e4n CO2 p\u00e4\u00e4st\u00f6j\u00e4 v\u00e4litt\u00e4m\u00e4ll\u00e4 uusiutuvan energian tuotteita sek\u00e4 tutkimaan uusiutuvia energian tuotantomahdollisuuksia.<\/li>\n\n\n\n<li>Tarjoamme asiakkaillemme ja kumppaneillemme laadukkaita tuotteita tunnetuilta kansainv\u00e4lisilt\u00e4 tuottajilta.<\/li>\n\n\n\n<li>Creo Nord Oy p\u00e4\u00e4konttori sijaitsee Helsingin keskustassa.<\/li>\n\n\n\n<li>Tavoitteenamme on luoda luotettavat ja pitk\u00e4aikaiset asiakassuhteet.<\/li>\n<\/ul>\n<\/div><\/div>\n\n\n\n\n<p class=\"has-theme-palette-3-color has-text-color\"><\/p>\n\n\n\n<hr class=\"wp-block-separator has-alpha-channel-opacity is-style-dots\"\/>\n","protected":false},"excerpt":{"rendered":"","protected":false},"author":3,"featured_media":6516,"parent":0,"menu_order":0,"comment_status":"closed","ping_status":"closed","template":"","meta":{"_mi_skip_tracking":false,"_kad_post_transparent":"disable","_kad_post_title":"","_kad_post_layout":"narrow","_kad_post_sidebar_id":"","_kad_post_content_style":"","_kad_post_vertical_padding":"","_kad_post_feature":"show","_kad_post_feature_position":"behind","_kad_post_header":false,"_kad_post_footer":false,"footnotes":""},"class_list":["post-62","page","type-page","status-publish","has-post-thumbnail","hentry"],"yoast_head":"<!-- This site is optimized with the Yoast SEO plugin v20.0 - https:\/\/yoast.com\/wordpress\/plugins\/seo\/ -->\n<title>Yritys - Creo Nord Oy<\/title>\n<meta name=\"robots\" content=\"index, follow, max-snippet:-1, max-image-preview:large, max-video-preview:-1\" \/>\n<link rel=\"canonical\" href=\"https:\/\/www.creonord.fi\/fi\/\" \/>\n<meta property=\"og:locale\" content=\"fi_FI\" \/>\n<meta property=\"og:type\" content=\"article\" \/>\n<meta property=\"og:title\" content=\"Yritys - Creo Nord Oy\" \/>\n<meta property=\"og:url\" content=\"https:\/\/www.creonord.fi\/fi\/\" \/>\n<meta property=\"og:site_name\" content=\"Creo Nord Oy\" \/>\n<meta property=\"article:modified_time\" content=\"2025-10-12T06:51:59+00:00\" \/>\n<meta property=\"og:image\" content=\"http:\/\/www.creonord.fi\/2023-versio\/wp-content\/uploads\/2023\/01\/cropped-creonord-avaussivun-kuva-scaled-1.jpg\" \/>\n\t<meta property=\"og:image:width\" content=\"1500\" \/>\n\t<meta property=\"og:image:height\" content=\"844\" \/>\n\t<meta property=\"og:image:type\" content=\"image\/jpeg\" \/>\n<meta name=\"twitter:card\" content=\"summary_large_image\" \/>\n<meta name=\"twitter:label1\" content=\"Arvioitu lukuaika\" \/>\n\t<meta name=\"twitter:data1\" content=\"1 minuutti\" \/>\n<script type=\"application\/ld+json\" class=\"yoast-schema-graph\">{\"@context\":\"https:\/\/schema.org\",\"@graph\":[{\"@type\":\"WebPage\",\"@id\":\"https:\/\/www.creonord.fi\/fi\/\",\"url\":\"https:\/\/www.creonord.fi\/fi\/\",\"name\":\"Yritys - Creo Nord Oy\",\"isPartOf\":{\"@id\":\"https:\/\/www.creonord.fi\/fi\/#website\"},\"datePublished\":\"2023-12-13T08:06:15+00:00\",\"dateModified\":\"2025-10-12T06:51:59+00:00\",\"breadcrumb\":{\"@id\":\"https:\/\/www.creonord.fi\/fi\/#breadcrumb\"},\"inLanguage\":\"fi\",\"potentialAction\":[{\"@type\":\"ReadAction\",\"target\":[\"https:\/\/www.creonord.fi\/fi\/\"]}]},{\"@type\":\"BreadcrumbList\",\"@id\":\"https:\/\/www.creonord.fi\/fi\/#breadcrumb\",\"itemListElement\":[{\"@type\":\"ListItem\",\"position\":1,\"name\":\"Home\",\"item\":\"https:\/\/www.creonord.fi\/fi\/\"},{\"@type\":\"ListItem\",\"position\":2,\"name\":\"Yritys\"}]},{\"@type\":\"WebSite\",\"@id\":\"https:\/\/www.creonord.fi\/fi\/#website\",\"url\":\"https:\/\/www.creonord.fi\/fi\/\",\"name\":\"Creo Nord Oy\",\"description\":\"Nestem\u00e4isten ja kaasumaisten polttoaineiden tukkukauppa\",\"publisher\":{\"@id\":\"https:\/\/www.creonord.fi\/fi\/#organization\"},\"potentialAction\":[{\"@type\":\"SearchAction\",\"target\":{\"@type\":\"EntryPoint\",\"urlTemplate\":\"https:\/\/www.creonord.fi\/fi\/?s={search_term_string}\"},\"query-input\":\"required name=search_term_string\"}],\"inLanguage\":\"fi\"},{\"@type\":\"Organization\",\"@id\":\"https:\/\/www.creonord.fi\/fi\/#organization\",\"name\":\"Creo Nord Oy\",\"url\":\"https:\/\/www.creonord.fi\/fi\/\",\"logo\":{\"@type\":\"ImageObject\",\"inLanguage\":\"fi\",\"@id\":\"https:\/\/www.creonord.fi\/fi\/#\/schema\/logo\/image\/\",\"url\":\"https:\/\/www.creonord.fi\/2023-versio\/wp-content\/uploads\/2018\/12\/cropped-creo-sininen-logo.png\",\"contentUrl\":\"https:\/\/www.creonord.fi\/2023-versio\/wp-content\/uploads\/2018\/12\/cropped-creo-sininen-logo.png\",\"width\":300,\"height\":60,\"caption\":\"Creo Nord Oy\"},\"image\":{\"@id\":\"https:\/\/www.creonord.fi\/fi\/#\/schema\/logo\/image\/\"}}]}<\/script>\n<!-- \/ Yoast SEO plugin. -->","yoast_head_json":{"title":"Yritys - Creo Nord Oy","robots":{"index":"index","follow":"follow","max-snippet":"max-snippet:-1","max-image-preview":"max-image-preview:large","max-video-preview":"max-video-preview:-1"},"canonical":"https:\/\/www.creonord.fi\/fi\/","og_locale":"fi_FI","og_type":"article","og_title":"Yritys - Creo Nord Oy","og_url":"https:\/\/www.creonord.fi\/fi\/","og_site_name":"Creo Nord Oy","article_modified_time":"2025-10-12T06:51:59+00:00","og_image":[{"width":1500,"height":844,"url":"http:\/\/www.creonord.fi\/2023-versio\/wp-content\/uploads\/2023\/01\/cropped-creonord-avaussivun-kuva-scaled-1.jpg","type":"image\/jpeg"}],"twitter_card":"summary_large_image","twitter_misc":{"Arvioitu lukuaika":"1 minuutti"},"schema":{"@context":"https:\/\/schema.org","@graph":[{"@type":"WebPage","@id":"https:\/\/www.creonord.fi\/fi\/","url":"https:\/\/www.creonord.fi\/fi\/","name":"Yritys - Creo Nord Oy","isPartOf":{"@id":"https:\/\/www.creonord.fi\/fi\/#website"},"datePublished":"2023-12-13T08:06:15+00:00","dateModified":"2025-10-12T06:51:59+00:00","breadcrumb":{"@id":"https:\/\/www.creonord.fi\/fi\/#breadcrumb"},"inLanguage":"fi","potentialAction":[{"@type":"ReadAction","target":["https:\/\/www.creonord.fi\/fi\/"]}]},{"@type":"BreadcrumbList","@id":"https:\/\/www.creonord.fi\/fi\/#breadcrumb","itemListElement":[{"@type":"ListItem","position":1,"name":"Home","item":"https:\/\/www.creonord.fi\/fi\/"},{"@type":"ListItem","position":2,"name":"Yritys"}]},{"@type":"WebSite","@id":"https:\/\/www.creonord.fi\/fi\/#website","url":"https:\/\/www.creonord.fi\/fi\/","name":"Creo Nord Oy","description":"Nestem\u00e4isten ja kaasumaisten polttoaineiden tukkukauppa","publisher":{"@id":"https:\/\/www.creonord.fi\/fi\/#organization"},"potentialAction":[{"@type":"SearchAction","target":{"@type":"EntryPoint","urlTemplate":"https:\/\/www.creonord.fi\/fi\/?s={search_term_string}"},"query-input":"required name=search_term_string"}],"inLanguage":"fi"},{"@type":"Organization","@id":"https:\/\/www.creonord.fi\/fi\/#organization","name":"Creo Nord Oy","url":"https:\/\/www.creonord.fi\/fi\/","logo":{"@type":"ImageObject","inLanguage":"fi","@id":"https:\/\/www.creonord.fi\/fi\/#\/schema\/logo\/image\/","url":"https:\/\/www.creonord.fi\/2023-versio\/wp-content\/uploads\/2018\/12\/cropped-creo-sininen-logo.png","contentUrl":"https:\/\/www.creonord.fi\/2023-versio\/wp-content\/uploads\/2018\/12\/cropped-creo-sininen-logo.png","width":300,"height":60,"caption":"Creo Nord Oy"},"image":{"@id":"https:\/\/www.creonord.fi\/fi\/#\/schema\/logo\/image\/"}}]}},"_links":{"self":[{"href":"https:\/\/www.creonord.fi\/fi\/wp-json\/wp\/v2\/pages\/62","targetHints":{"allow":["GET"]}}],"collection":[{"href":"https:\/\/www.creonord.fi\/fi\/wp-json\/wp\/v2\/pages"}],"about":[{"href":"https:\/\/www.creonord.fi\/fi\/wp-json\/wp\/v2\/types\/page"}],"author":[{"embeddable":true,"href":"https:\/\/www.creonord.fi\/fi\/wp-json\/wp\/v2\/users\/3"}],"replies":[{"embeddable":true,"href":"https:\/\/www.creonord.fi\/fi\/wp-json\/wp\/v2\/comments?post=62"}],"version-history":[{"count":22,"href":"https:\/\/www.creonord.fi\/fi\/wp-json\/wp\/v2\/pages\/62\/revisions"}],"predecessor-version":[{"id":6809,"href":"https:\/\/www.creonord.fi\/fi\/wp-json\/wp\/v2\/pages\/62\/revisions\/6809"}],"wp:featuredmedia":[{"embeddable":true,"href":"https:\/\/www.creonord.fi\/fi\/wp-json\/wp\/v2\/media\/6516"}],"wp:attachment":[{"href":"https:\/\/www.creonord.fi\/fi\/wp-json\/wp\/v2\/media?parent=62"}],"curies":[{"name":"wp","href":"https:\/\/api.w.org\/{rel}","templated":true}]}}