{"id":52,"date":"2025-10-12T09:45:29","date_gmt":"2025-10-12T06:45:29","guid":{"rendered":"http:\/\/www.creonord.fi\/2023-versio\/?page_id=52"},"modified":"2025-10-12T09:47:40","modified_gmt":"2025-10-12T06:47:40","slug":"yhteystiedot","status":"publish","type":"page","link":"https:\/\/www.creonord.fi\/fi\/yhteystiedot\/","title":{"rendered":"Yhteystiedot"},"content":{"rendered":"\n<p class=\"has-text-align-center\">L\u00f6yd\u00e4t meid\u00e4t Lappeenrannan keskustasta. Sijaintimme on:<\/p>\n\n\n\n<p class=\"has-text-align-center\"><br>Kannelkatu 8<br>53100 Lappeenranta, Finland<br>puh: +358 40 648 8696<\/p>\n\n\n<div class=\"agm-canvas\" id=\"agm-canvas\" style=\"margin: 0 auto; width:100%; height:300px;\"><\/div>\n","protected":false},"excerpt":{"rendered":"<p>L\u00f6yd\u00e4t meid\u00e4t Lappeenrannan keskustasta. Sijaintimme on: Kannelkatu 853100 Lappeenranta, Finlandpuh: +358 40 648 8696<\/p>\n","protected":false},"author":3,"featured_media":6513,"parent":0,"menu_order":0,"comment_status":"closed","ping_status":"closed","template":"","meta":{"_mi_skip_tracking":false,"_kad_post_transparent":"disable","_kad_post_title":"","_kad_post_layout":"","_kad_post_sidebar_id":"","_kad_post_content_style":"","_kad_post_vertical_padding":"","_kad_post_feature":"show","_kad_post_feature_position":"default","_kad_post_header":false,"_kad_post_footer":false,"footnotes":""},"class_list":["post-52","page","type-page","status-publish","has-post-thumbnail","hentry"],"yoast_head":"<!-- This site is optimized with the Yoast SEO plugin v20.0 - https:\/\/yoast.com\/wordpress\/plugins\/seo\/ -->\n<title>Yhteystiedot - Creo Nord Oy<\/title>\n<meta name=\"robots\" content=\"index, follow, max-snippet:-1, max-image-preview:large, max-video-preview:-1\" \/>\n<link rel=\"canonical\" href=\"https:\/\/www.creonord.fi\/fi\/yhteystiedot\/\" \/>\n<meta property=\"og:locale\" content=\"fi_FI\" \/>\n<meta property=\"og:type\" content=\"article\" \/>\n<meta property=\"og:title\" content=\"Yhteystiedot - Creo Nord Oy\" \/>\n<meta property=\"og:description\" content=\"L\u00f6yd\u00e4t meid\u00e4t Lappeenrannan keskustasta. Sijaintimme on: Kannelkatu 853100 Lappeenranta, Finlandpuh: +358 40 648 8696\" \/>\n<meta property=\"og:url\" content=\"https:\/\/www.creonord.fi\/fi\/yhteystiedot\/\" \/>\n<meta property=\"og:site_name\" content=\"Creo Nord Oy\" \/>\n<meta property=\"article:modified_time\" content=\"2025-10-12T06:47:40+00:00\" \/>\n<meta property=\"og:image\" content=\"http:\/\/www.creonord.fi\/2023-versio\/wp-content\/uploads\/2023\/01\/creonord-yhteystiedot-kuva-scaled.jpg\" \/>\n\t<meta property=\"og:image:width\" content=\"2560\" \/>\n\t<meta property=\"og:image:height\" content=\"1706\" \/>\n\t<meta property=\"og:image:type\" content=\"image\/jpeg\" \/>\n<meta name=\"twitter:card\" content=\"summary_large_image\" \/>\n<meta name=\"twitter:label1\" content=\"Arvioitu lukuaika\" \/>\n\t<meta name=\"twitter:data1\" content=\"1 minuutti\" \/>\n<script type=\"application\/ld+json\" class=\"yoast-schema-graph\">{\"@context\":\"https:\/\/schema.org\",\"@graph\":[{\"@type\":\"WebPage\",\"@id\":\"https:\/\/www.creonord.fi\/fi\/yhteystiedot\/\",\"url\":\"https:\/\/www.creonord.fi\/fi\/yhteystiedot\/\",\"name\":\"Yhteystiedot - Creo Nord Oy\",\"isPartOf\":{\"@id\":\"https:\/\/www.creonord.fi\/fi\/#website\"},\"datePublished\":\"2025-10-12T06:45:29+00:00\",\"dateModified\":\"2025-10-12T06:47:40+00:00\",\"breadcrumb\":{\"@id\":\"https:\/\/www.creonord.fi\/fi\/yhteystiedot\/#breadcrumb\"},\"inLanguage\":\"fi\",\"potentialAction\":[{\"@type\":\"ReadAction\",\"target\":[\"https:\/\/www.creonord.fi\/fi\/yhteystiedot\/\"]}]},{\"@type\":\"BreadcrumbList\",\"@id\":\"https:\/\/www.creonord.fi\/fi\/yhteystiedot\/#breadcrumb\",\"itemListElement\":[{\"@type\":\"ListItem\",\"position\":1,\"name\":\"Home\",\"item\":\"https:\/\/www.creonord.fi\/fi\/\"},{\"@type\":\"ListItem\",\"position\":2,\"name\":\"Yhteystiedot\"}]},{\"@type\":\"WebSite\",\"@id\":\"https:\/\/www.creonord.fi\/fi\/#website\",\"url\":\"https:\/\/www.creonord.fi\/fi\/\",\"name\":\"Creo Nord Oy\",\"description\":\"Nestem\u00e4isten ja kaasumaisten polttoaineiden tukkukauppa\",\"publisher\":{\"@id\":\"https:\/\/www.creonord.fi\/fi\/#organization\"},\"potentialAction\":[{\"@type\":\"SearchAction\",\"target\":{\"@type\":\"EntryPoint\",\"urlTemplate\":\"https:\/\/www.creonord.fi\/fi\/?s={search_term_string}\"},\"query-input\":\"required name=search_term_string\"}],\"inLanguage\":\"fi\"},{\"@type\":\"Organization\",\"@id\":\"https:\/\/www.creonord.fi\/fi\/#organization\",\"name\":\"Creo Nord Oy\",\"url\":\"https:\/\/www.creonord.fi\/fi\/\",\"logo\":{\"@type\":\"ImageObject\",\"inLanguage\":\"fi\",\"@id\":\"https:\/\/www.creonord.fi\/fi\/#\/schema\/logo\/image\/\",\"url\":\"https:\/\/www.creonord.fi\/2023-versio\/wp-content\/uploads\/2018\/12\/cropped-creo-sininen-logo.png\",\"contentUrl\":\"https:\/\/www.creonord.fi\/2023-versio\/wp-content\/uploads\/2018\/12\/cropped-creo-sininen-logo.png\",\"width\":300,\"height\":60,\"caption\":\"Creo Nord Oy\"},\"image\":{\"@id\":\"https:\/\/www.creonord.fi\/fi\/#\/schema\/logo\/image\/\"}}]}<\/script>\n<!-- \/ Yoast SEO plugin. -->","yoast_head_json":{"title":"Yhteystiedot - Creo Nord Oy","robots":{"index":"index","follow":"follow","max-snippet":"max-snippet:-1","max-image-preview":"max-image-preview:large","max-video-preview":"max-video-preview:-1"},"canonical":"https:\/\/www.creonord.fi\/fi\/yhteystiedot\/","og_locale":"fi_FI","og_type":"article","og_title":"Yhteystiedot - Creo Nord Oy","og_description":"L\u00f6yd\u00e4t meid\u00e4t Lappeenrannan keskustasta. Sijaintimme on: Kannelkatu 853100 Lappeenranta, Finlandpuh: +358 40 648 8696","og_url":"https:\/\/www.creonord.fi\/fi\/yhteystiedot\/","og_site_name":"Creo Nord Oy","article_modified_time":"2025-10-12T06:47:40+00:00","og_image":[{"width":2560,"height":1706,"url":"http:\/\/www.creonord.fi\/2023-versio\/wp-content\/uploads\/2023\/01\/creonord-yhteystiedot-kuva-scaled.jpg","type":"image\/jpeg"}],"twitter_card":"summary_large_image","twitter_misc":{"Arvioitu lukuaika":"1 minuutti"},"schema":{"@context":"https:\/\/schema.org","@graph":[{"@type":"WebPage","@id":"https:\/\/www.creonord.fi\/fi\/yhteystiedot\/","url":"https:\/\/www.creonord.fi\/fi\/yhteystiedot\/","name":"Yhteystiedot - Creo Nord Oy","isPartOf":{"@id":"https:\/\/www.creonord.fi\/fi\/#website"},"datePublished":"2025-10-12T06:45:29+00:00","dateModified":"2025-10-12T06:47:40+00:00","breadcrumb":{"@id":"https:\/\/www.creonord.fi\/fi\/yhteystiedot\/#breadcrumb"},"inLanguage":"fi","potentialAction":[{"@type":"ReadAction","target":["https:\/\/www.creonord.fi\/fi\/yhteystiedot\/"]}]},{"@type":"BreadcrumbList","@id":"https:\/\/www.creonord.fi\/fi\/yhteystiedot\/#breadcrumb","itemListElement":[{"@type":"ListItem","position":1,"name":"Home","item":"https:\/\/www.creonord.fi\/fi\/"},{"@type":"ListItem","position":2,"name":"Yhteystiedot"}]},{"@type":"WebSite","@id":"https:\/\/www.creonord.fi\/fi\/#website","url":"https:\/\/www.creonord.fi\/fi\/","name":"Creo Nord Oy","description":"Nestem\u00e4isten ja kaasumaisten polttoaineiden tukkukauppa","publisher":{"@id":"https:\/\/www.creonord.fi\/fi\/#organization"},"potentialAction":[{"@type":"SearchAction","target":{"@type":"EntryPoint","urlTemplate":"https:\/\/www.creonord.fi\/fi\/?s={search_term_string}"},"query-input":"required name=search_term_string"}],"inLanguage":"fi"},{"@type":"Organization","@id":"https:\/\/www.creonord.fi\/fi\/#organization","name":"Creo Nord Oy","url":"https:\/\/www.creonord.fi\/fi\/","logo":{"@type":"ImageObject","inLanguage":"fi","@id":"https:\/\/www.creonord.fi\/fi\/#\/schema\/logo\/image\/","url":"https:\/\/www.creonord.fi\/2023-versio\/wp-content\/uploads\/2018\/12\/cropped-creo-sininen-logo.png","contentUrl":"https:\/\/www.creonord.fi\/2023-versio\/wp-content\/uploads\/2018\/12\/cropped-creo-sininen-logo.png","width":300,"height":60,"caption":"Creo Nord Oy"},"image":{"@id":"https:\/\/www.creonord.fi\/fi\/#\/schema\/logo\/image\/"}}]}},"_links":{"self":[{"href":"https:\/\/www.creonord.fi\/fi\/wp-json\/wp\/v2\/pages\/52","targetHints":{"allow":["GET"]}}],"collection":[{"href":"https:\/\/www.creonord.fi\/fi\/wp-json\/wp\/v2\/pages"}],"about":[{"href":"https:\/\/www.creonord.fi\/fi\/wp-json\/wp\/v2\/types\/page"}],"author":[{"embeddable":true,"href":"https:\/\/www.creonord.fi\/fi\/wp-json\/wp\/v2\/users\/3"}],"replies":[{"embeddable":true,"href":"https:\/\/www.creonord.fi\/fi\/wp-json\/wp\/v2\/comments?post=52"}],"version-history":[{"count":21,"href":"https:\/\/www.creonord.fi\/fi\/wp-json\/wp\/v2\/pages\/52\/revisions"}],"predecessor-version":[{"id":6803,"href":"https:\/\/www.creonord.fi\/fi\/wp-json\/wp\/v2\/pages\/52\/revisions\/6803"}],"wp:featuredmedia":[{"embeddable":true,"href":"https:\/\/www.creonord.fi\/fi\/wp-json\/wp\/v2\/media\/6513"}],"wp:attachment":[{"href":"https:\/\/www.creonord.fi\/fi\/wp-json\/wp\/v2\/media?parent=52"}],"curies":[{"name":"wp","href":"https:\/\/api.w.org\/{rel}","templated":true}]}}